{"id":101591,"date":"2020-06-06T05:23:26","date_gmt":"2020-06-06T03:23:26","guid":{"rendered":"https:\/\/mentcon.com\/about-us\/"},"modified":"2024-08-27T19:56:21","modified_gmt":"2024-08-27T17:56:21","slug":"about-us","status":"publish","type":"page","link":"https:\/\/mentcon.com\/sv\/about-us\/","title":{"rendered":"Om oss"},"content":{"rendered":"<p>[et_pb_section fb_built=&#8221;1&#8243; next_background_color=&#8221;#ffffff&#8221; admin_label=&#8221;Hero Section&#8221; _builder_version=&#8221;4.24.0&#8243; background_enable_color=&#8221;off&#8221; background_image=&#8221;https:\/\/mentcon.com\/wp-content\/uploads\/2017\/10\/business-12.jpg&#8221; parallax=&#8221;on&#8221; custom_padding=&#8221;||80px||false|false&#8221; bottom_divider_style=&#8221;asymmetric2&#8243; bottom_divider_height_tablet=&#8221;40px&#8221; bottom_divider_height_phone=&#8221;25px&#8221; bottom_divider_height_last_edited=&#8221;on|tablet&#8221; locked=&#8221;off&#8221; global_colors_info=&#8221;{}&#8221;][et_pb_row column_structure=&#8221;1_2,1_2&#8243; make_equal=&#8221;on&#8221; module_class=&#8221;inline-buttons-row&#8221; _builder_version=&#8221;4.16&#8243; width=&#8221;90%&#8221; max_width=&#8221;90%&#8221; custom_css_main_element=&#8221;display:flex;||flex-wrap:wrap;&#8221; global_colors_info=&#8221;{}&#8221;][et_pb_column type=&#8221;1_2&#8243; _builder_version=&#8221;4.16&#8243; global_colors_info=&#8221;{}&#8221; custom_css_main_element_last_edited=&#8221;on|tablet&#8221; custom_css_main_element_tablet=&#8221;order:2;&#8221; custom_css_main_element_phone=&#8221;order:2;&#8221;][et_pb_text _builder_version=&#8221;4.27.0&#8243; header_font=&#8221;|800|||||||&#8221; header_font_size=&#8221;40px&#8221; header_line_height=&#8221;1.4em&#8221; header_5_font=&#8221;|700||on|||||&#8221; header_5_text_color=&#8221;#2558AB&#8221; header_5_font_size=&#8221;14px&#8221; width=&#8221;90%&#8221; custom_margin_tablet=&#8221;30px||||false|false&#8221; custom_margin_phone=&#8221;&#8221; custom_margin_last_edited=&#8221;on|tablet&#8221; hover_enabled=&#8221;0&#8243; header_font_size_tablet=&#8221;25px&#8221; header_font_size_phone=&#8221;&#8221; header_font_size_last_edited=&#8221;on|phone&#8221; global_colors_info=&#8221;{}&#8221; sticky_enabled=&#8221;0&#8243;]<\/p>\n<h5 style=\"text-align: left;\"><span style=\"color: #006e84;\">Vilka \u00e4r Mentcon?<\/span><\/h5>\n<h1 class=\"hero-1-title mb-4 font-weight-normal line-height-1_4\">Vill du veta lite mer om <span style=\"color: #006e84;\"><strong>Mentcon?<\/strong><\/span><\/h1>\n<div class=\"col-lg-6\">\n<div class=\"hero-title pr-lg-5\">\n<p>P\u00e5 Mentcon \u00e4r vi pionj\u00e4rer inom transformationskonsten och tillhandah\u00e5ller f\u00f6r storf\u00f6retag den innovativa Mentcon-modellen \u2013 en metodik skapad f\u00f6r framg\u00e5ng. V\u00e5r l\u00e4ttanv\u00e4nda och effektiva modell \u00e4r avsedd att m\u00f6jligg\u00f6ra f\u00f6r f\u00f6retag att inte bara uppfylla utan ocks\u00e5 \u00f6vertr\u00e4ffa marknadens f\u00f6rv\u00e4ntningar.<\/p>\n<\/div>\n<\/div>\n<p>[\/et_pb_text][et_pb_button button_url=&#8221;#read&#8221; button_text=&#8221;V\u00e5r historia&#8221; _builder_version=&#8221;4.27.0&#8243; _module_preset=&#8221;1d9393ff-2d90-4c18-bac4-cc53f3441be0&#8243; button_bg_color_gradient_stops=&#8221;#006e84 39%|#006e84 100%&#8221; hover_enabled=&#8221;0&#8243; global_colors_info=&#8221;{}&#8221; button_bg_color_gradient_start_position__hover=&#8221;0%&#8221; button_bg_color_gradient_stops__hover=&#8221;#2b87da 0%|#29c4a9 100%&#8221; sticky_enabled=&#8221;0&#8243; custom_padding=&#8221;10px|40px|10px|40px|true|true&#8221;][\/et_pb_button][\/et_pb_column][et_pb_column type=&#8221;1_2&#8243; _builder_version=&#8221;4.16&#8243; global_colors_info=&#8221;{}&#8221; custom_css_main_element_tablet=&#8221;order:1;&#8221; custom_css_main_element_last_edited=&#8221;on|tablet&#8221; custom_css_main_element_phone=&#8221;order:1;&#8221;][et_pb_image src=&#8221;https:\/\/mentcon.com\/wp-content\/uploads\/2024\/02\/pexels-eleanore-stohner-17555989.jpg&#8221; title_text=&#8221;Stockholm-Mentcons-hemstad&#8221; _builder_version=&#8221;4.24.0&#8243; width=&#8221;100%&#8221; border_radii=&#8221;on|8px|8px|8px|8px&#8221; box_shadow_style=&#8221;preset2&#8243; global_colors_info=&#8221;{}&#8221;][\/et_pb_image][\/et_pb_column][\/et_pb_row][\/et_pb_section][et_pb_section fb_built=&#8221;1&#8243; module_id=&#8221;read&#8221; _builder_version=&#8221;4.16&#8243; global_colors_info=&#8221;{}&#8221;][et_pb_row column_structure=&#8221;1_2,1_2&#8243; make_equal=&#8221;on&#8221; module_class=&#8221;inline-buttons-row&#8221; _builder_version=&#8221;4.16&#8243; global_colors_info=&#8221;{}&#8221;][et_pb_column type=&#8221;1_2&#8243; _builder_version=&#8221;4.16&#8243; global_colors_info=&#8221;{}&#8221;][et_pb_image src=&#8221;https:\/\/mentcon.com\/wp-content\/uploads\/2024\/02\/Yes.jpg&#8221; title_text=&#8221;Ja&#8221; _builder_version=&#8221;4.24.0&#8243; width_tablet=&#8221;65%&#8221; width_phone=&#8221;75%&#8221; width_last_edited=&#8221;on|tablet&#8221; module_alignment=&#8221;center&#8221; border_radii=&#8221;on|8px|8px|8px|8px&#8221; box_shadow_style=&#8221;preset2&#8243; global_colors_info=&#8221;{}&#8221;][\/et_pb_image][\/et_pb_column][et_pb_column type=&#8221;1_2&#8243; _builder_version=&#8221;4.16&#8243; global_colors_info=&#8221;{}&#8221;][et_pb_text module_class=&#8221;molti-text-before-contact-form&#8221; _builder_version=&#8221;4.16&#8243; text_font=&#8221;|700|||||||&#8221; text_letter_spacing=&#8221;0.5px&#8221; header_font=&#8221;|600|||||||&#8221; header_font_size=&#8221;35px&#8221; header_5_font=&#8221;|700||on|||||&#8221; header_5_font_size=&#8221;11px&#8221; locked=&#8221;off&#8221; global_colors_info=&#8221;{}&#8221;]<\/p>\n<p><mark-history>V\u00e5r historia<\/mark-history><\/p>\n<p>[\/et_pb_text][et_pb_text _builder_version=&#8221;4.16&#8243; header_3_font=&#8221;|600|||||||&#8221; header_3_font_size=&#8221;35px&#8221; header_3_line_height=&#8221;1.5em&#8221; custom_margin=&#8221;||0px||false|false&#8221; header_3_font_size_tablet=&#8221;25px&#8221; header_3_font_size_phone=&#8221;&#8221; header_3_font_size_last_edited=&#8221;on|tablet&#8221; global_colors_info=&#8221;{}&#8221; header_3_font_size__hover_enabled=&#8221;off|desktop&#8221;]<\/p>\n<h3>L\u00e5t oss <span style=\"color: #006e84;\">ber\u00e4tta<\/span> kort om oss<\/h3>\n<p>[\/et_pb_text][et_pb_text _builder_version=&#8221;4.27.0&#8243; text_letter_spacing=&#8221;1px&#8221; custom_margin=&#8221;||20px||false|false&#8221; hover_enabled=&#8221;0&#8243; global_colors_info=&#8221;{}&#8221; sticky_enabled=&#8221;0&#8243;]<\/p>\n<p><span>P\u00e5 <\/span><strong>Mentcon <\/strong><span>anv\u00e4nder vi den innovativa <\/span><strong>Mentcon-modellen<\/strong><span>, ett kraftfullt ramverk f\u00f6r aff\u00e4rstransformation. Det g\u00f6r det m\u00f6jligt f\u00f6r f\u00f6retag att <\/span><strong>\u00f6vertr\u00e4ffa marknadens f\u00f6rv\u00e4ntningar.<\/strong><\/p>\n<p>[\/et_pb_text][et_pb_blurb title=&#8221;Enkelhet&#8221; use_icon=&#8221;on&#8221; font_icon=&#8221;&#x4e;||divi||400&#8243; icon_color=&#8221;#006E84&#8243; icon_placement=&#8221;left&#8221; image_icon_width=&#8221;20px&#8221; content_max_width=&#8221;1100px&#8221; _builder_version=&#8221;4.24.0&#8243; header_font=&#8221;|700|||||||&#8221; header_font_size=&#8221;14px&#8221; custom_margin=&#8221;||10px||false|false&#8221; animation=&#8221;off&#8221; custom_css_blurb_title=&#8221;margin-left:-15px;||margin-top:2px&#8221; icon_font_size=&#8221;20px&#8221; global_colors_info=&#8221;{}&#8221;][\/et_pb_blurb][et_pb_blurb title=&#8221;Motivation&#8221; use_icon=&#8221;on&#8221; font_icon=&#8221;&#x4e;||divi||400&#8243; icon_color=&#8221;#006E84&#8243; icon_placement=&#8221;left&#8221; image_icon_width=&#8221;20px&#8221; content_max_width=&#8221;1100px&#8221; _builder_version=&#8221;4.24.0&#8243; header_font=&#8221;|700|||||||&#8221; header_font_size=&#8221;14px&#8221; custom_margin=&#8221;||10px||false|false&#8221; animation=&#8221;off&#8221; custom_css_blurb_title=&#8221;margin-left:-15px;||margin-top:2px&#8221; icon_font_size=&#8221;20px&#8221; global_colors_info=&#8221;{}&#8221;][\/et_pb_blurb][et_pb_blurb title=&#8221;Int\u00e4kter&#8221; use_icon=&#8221;on&#8221; font_icon=&#8221;&#x4e;||divi||400&#8243; icon_color=&#8221;#006E84&#8243; icon_placement=&#8221;left&#8221; image_icon_width=&#8221;20px&#8221; content_max_width=&#8221;1100px&#8221; _builder_version=&#8221;4.24.0&#8243; header_font=&#8221;|700|||||||&#8221; header_font_size=&#8221;14px&#8221; animation=&#8221;off&#8221; custom_css_blurb_title=&#8221;margin-left:-15px;||margin-top:2px&#8221; icon_font_size=&#8221;20px&#8221; global_colors_info=&#8221;{}&#8221;][\/et_pb_blurb][\/et_pb_column][\/et_pb_row][et_pb_row column_structure=&#8221;1_2,1_2&#8243; make_equal=&#8221;on&#8221; _builder_version=&#8221;4.16&#8243; _module_preset=&#8221;default&#8221; custom_padding=&#8221;20px||||false|false&#8221; custom_css_main_element=&#8221;display:flex;||flex-wrap:wrap;&#8221; locked=&#8221;off&#8221; global_colors_info=&#8221;{}&#8221;][et_pb_column type=&#8221;1_2&#8243; _builder_version=&#8221;4.16&#8243; _module_preset=&#8221;default&#8221; global_colors_info=&#8221;{}&#8221; custom_css_main_element_last_edited=&#8221;on|tablet&#8221; custom_css_main_element_tablet=&#8221;order:2;&#8221; custom_css_main_element_phone=&#8221;order:2;&#8221;][et_pb_text _builder_version=&#8221;4.27.0&#8243; _module_preset=&#8221;default&#8221; text_font_size=&#8221;15px&#8221; text_line_height=&#8221;1.8em&#8221; header_3_font=&#8221;|700|||||||&#8221; header_3_font_size=&#8221;30px&#8221; header_3_line_height=&#8221;1.4em&#8221; custom_margin_tablet=&#8221;&#8221; custom_margin_phone=&#8221;10px||||false|false&#8221; custom_margin_last_edited=&#8221;on|phone&#8221; hover_enabled=&#8221;0&#8243; header_3_font_size_tablet=&#8221;&#8221; header_3_font_size_phone=&#8221;22px&#8221; header_3_font_size_last_edited=&#8221;on|phone&#8221; global_colors_info=&#8221;{}&#8221; sticky_enabled=&#8221;0&#8243;]<\/p>\n<h3>V\u00e5r b\u00f6rjan<\/h3>\n<p>V\u00e5r resa b\u00f6rjade i samarbete med tv\u00e5 nu v\u00e4ldigt stora och dominerande f\u00f6retag, d\u00e4r vi utformade en strategi som byggde p\u00e5 v\u00e5r samlade erfarenhet av att driva viktiga resultat, utveckla aff\u00e4rsmodeller och genomf\u00f6ra strategiska initiativ. Under fem exklusiva \u00e5r var detta innovativa tillv\u00e4gag\u00e5ngss\u00e4tt den hemliga motorn bakom v\u00e5ra partners framg\u00e5ngar, som idag \u00e4r k\u00e4nd som Mentcon-modellen. Nu n\u00e4r exklusivitetsperioden \u00e4r avslutad (utom i Nord- och Sydamerika) \u00e4r vi glada \u00f6ver att kunna tillhandah\u00e5lla fler f\u00f6retag f\u00f6rdelarna med denna modell och \u00f6ka sin konkurrenskraft. Mentcon AB, v\u00e5rt svenska bolag, innehar r\u00e4ttigheterna till detta transformativa verktyg, vilket s\u00e4kerst\u00e4ller dess integritet och v\u00e4rde.<\/p>\n<p>[\/et_pb_text][\/et_pb_column][et_pb_column type=&#8221;1_2&#8243; _builder_version=&#8221;4.16&#8243; _module_preset=&#8221;default&#8221; global_colors_info=&#8221;{}&#8221; custom_css_main_element_tablet=&#8221;order:1;&#8221; custom_css_main_element_last_edited=&#8221;on|tablet&#8221; custom_css_main_element_phone=&#8221;order:1;&#8221;][et_pb_image src=&#8221;https:\/\/mentcon.com\/wp-content\/uploads\/2024\/02\/pexels-pixabay-459654.jpg&#8221; title_text=&#8221;The-start-of-Mentocn&#8221; _builder_version=&#8221;4.24.0&#8243; _module_preset=&#8221;default&#8221; border_radii=&#8221;on|8px|8px|8px|8px&#8221; box_shadow_style=&#8221;preset2&#8243; global_colors_info=&#8221;{}&#8221;][\/et_pb_image][\/et_pb_column][\/et_pb_row][et_pb_row column_structure=&#8221;1_2,1_2&#8243; make_equal=&#8221;on&#8221; _builder_version=&#8221;4.16&#8243; _module_preset=&#8221;default&#8221; custom_padding=&#8221;0px||20px||false|false&#8221; locked=&#8221;off&#8221; global_colors_info=&#8221;{}&#8221;][et_pb_column type=&#8221;1_2&#8243; _builder_version=&#8221;4.16&#8243; _module_preset=&#8221;default&#8221; global_colors_info=&#8221;{}&#8221;][et_pb_image src=&#8221;https:\/\/mentcon.com\/wp-content\/uploads\/2024\/02\/Overlay_esrs_asia_2.png&#8221; title_text=&#8221;Overlay_esrs_asia_2&#8243; _builder_version=&#8221;4.24.0&#8243; _module_preset=&#8221;default&#8221; border_radii=&#8221;on|8px|8px|8px|8px&#8221; box_shadow_style=&#8221;preset2&#8243; global_colors_info=&#8221;{}&#8221;][\/et_pb_image][\/et_pb_column][et_pb_column type=&#8221;1_2&#8243; _builder_version=&#8221;4.16&#8243; _module_preset=&#8221;default&#8221; global_colors_info=&#8221;{}&#8221;][et_pb_text _builder_version=&#8221;4.27.0&#8243; _module_preset=&#8221;default&#8221; text_font_size=&#8221;15px&#8221; text_line_height=&#8221;1.8em&#8221; header_3_font=&#8221;|700|||||||&#8221; header_3_font_size=&#8221;30px&#8221; header_3_line_height=&#8221;1.4em&#8221; custom_margin_tablet=&#8221;&#8221; custom_margin_phone=&#8221;10px||||false|false&#8221; custom_margin_last_edited=&#8221;on|phone&#8221; hover_enabled=&#8221;0&#8243; header_3_font_size_tablet=&#8221;&#8221; header_3_font_size_phone=&#8221;22px&#8221; header_3_font_size_last_edited=&#8221;on|phone&#8221; global_colors_info=&#8221;{}&#8221; sticky_enabled=&#8221;0&#8243;]<\/p>\n<h3>Nutid<\/h3>\n<p>\u00c4ven om vi fortfarande \u00e4r ett litet f\u00f6retag har vi en stor r\u00e4ckvidd genom v\u00e5rt n\u00e4tverk av st\u00f6rre konsultbolag som licencierar v\u00e5r modell och v\u00e5r avancerade molnl\u00f6sning.<\/p>\n<p>ESRS har visat sig vara v\u00e4ldigt lik Mentcon-modellen, vilket har gjort det enkelt f\u00f6r oss att integrera ESRS-rapportering. Denna funktionalitet g\u00f6r det m\u00f6jligt f\u00f6r ditt f\u00f6retag att enkelt skapa en h\u00e5llbarhetsf\u00f6rklaring som inte bara uppfyller regulatoriska standarder utan ocks\u00e5 noggrant v\u00e4ver in v\u00e4rdekedja, strategier, aff\u00e4rsmodeller och m\u00e5l med v\u00e4sentliga h\u00e5llbarhetsfr\u00e5gor. Mentcon-modellen f\u00f6r ESRS kommer f\u00f6renklar rapporteringen av de nya komplexa h\u00e5llbarhetsrapporteringskraven.<\/p>\n<p>[\/et_pb_text][\/et_pb_column][\/et_pb_row][et_pb_row column_structure=&#8221;1_2,1_2&#8243; make_equal=&#8221;on&#8221; _builder_version=&#8221;4.16&#8243; _module_preset=&#8221;default&#8221; custom_padding=&#8221;20px||||false|false&#8221; custom_css_main_element=&#8221;display:flex;||flex-wrap:wrap;&#8221; locked=&#8221;off&#8221; global_colors_info=&#8221;{}&#8221;][et_pb_column type=&#8221;1_2&#8243; _builder_version=&#8221;4.16&#8243; _module_preset=&#8221;default&#8221; global_colors_info=&#8221;{}&#8221; custom_css_main_element_last_edited=&#8221;on|tablet&#8221; custom_css_main_element_tablet=&#8221;order:2;&#8221; custom_css_main_element_phone=&#8221;order:2;&#8221;][et_pb_text _builder_version=&#8221;4.24.0&#8243; _module_preset=&#8221;default&#8221; text_font_size=&#8221;15px&#8221; text_line_height=&#8221;1.8em&#8221; header_3_font=&#8221;|700|||||||&#8221; header_3_font_size=&#8221;30px&#8221; header_3_line_height=&#8221;1.4em&#8221; custom_margin_tablet=&#8221;&#8221; custom_margin_phone=&#8221;10px||||false|false&#8221; custom_margin_last_edited=&#8221;on|phone&#8221; header_3_font_size_tablet=&#8221;&#8221; header_3_font_size_phone=&#8221;22px&#8221; header_3_font_size_last_edited=&#8221;on|phone&#8221; global_colors_info=&#8221;{}&#8221;]<\/p>\n<h3>Tillv\u00e4xt<\/h3>\n<p>Mentcon \u00e4r, och kommer alltid att vara, ett banbrytande n\u00e4tverkande f\u00f6retag som blomstrar genom samarbeten med ledande konsultf\u00f6retag som licensierar v\u00e5r revolutionerande modell. Byggt p\u00e5 v\u00e5r framg\u00e5ng, s\u00e4rskilt med den banbrytande introduktionen av Mentcon-modellen f\u00f6r ESRS, \u00e4r det nu dags f\u00f6r oss att utvecklas vidare. Vi omformar strategiskt v\u00e5r organisation f\u00f6r att inte bara tillgodose tillv\u00e4xt utan ocks\u00e5 driva den fram\u00e5t. Denna utveckling markerar ett sp\u00e4nnande nytt kapitel i v\u00e5r resa, vilket banar v\u00e4g f\u00f6r enast\u00e5ende prestationer f\u00f6r v\u00e5ra kunder och ut\u00f6kar v\u00e5r p\u00e5verkan av framg\u00e5ngsrika f\u00f6retag \u00f6ver hela Europa och bortom.<\/p>\n<p>[\/et_pb_text][\/et_pb_column][et_pb_column type=&#8221;1_2&#8243; _builder_version=&#8221;4.16&#8243; _module_preset=&#8221;default&#8221; global_colors_info=&#8221;{}&#8221; custom_css_main_element_tablet=&#8221;order:1;&#8221; custom_css_main_element_last_edited=&#8221;on|tablet&#8221; custom_css_main_element_phone=&#8221;order:1;&#8221;][et_pb_image src=&#8221;https:\/\/mentcon.com\/wp-content\/uploads\/2024\/02\/pexels-fauxels-3183197.jpg&#8221; title_text=&#8221;Mer-framg\u00e5ng&#8221; _builder_version=&#8221;4.24.0&#8243; _module_preset=&#8221;default&#8221; border_radii=&#8221;on|8px|8px|8px|8px&#8221; box_shadow_style=&#8221;preset2&#8243; global_colors_info=&#8221;{}&#8221;][\/et_pb_image][\/et_pb_column][\/et_pb_row][et_pb_row column_structure=&#8221;1_2,1_2&#8243; make_equal=&#8221;on&#8221; _builder_version=&#8221;4.16&#8243; _module_preset=&#8221;default&#8221; custom_padding=&#8221;0px||20px||false|false&#8221; locked=&#8221;off&#8221; global_colors_info=&#8221;{}&#8221;][et_pb_column type=&#8221;1_2&#8243; _builder_version=&#8221;4.16&#8243; _module_preset=&#8221;default&#8221; global_colors_info=&#8221;{}&#8221;][et_pb_image src=&#8221;https:\/\/mentcon.com\/wp-content\/uploads\/2017\/10\/business-11.jpg&#8221; title_text=&#8221;f\u00f6retag-11&#8243; _builder_version=&#8221;4.24.0&#8243; _module_preset=&#8221;default&#8221; border_radii=&#8221;on|8px|8px|8px|8px&#8221; box_shadow_style=&#8221;preset2&#8243; global_colors_info=&#8221;{}&#8221;][\/et_pb_image][\/et_pb_column][et_pb_column type=&#8221;1_2&#8243; _builder_version=&#8221;4.16&#8243; _module_preset=&#8221;default&#8221; global_colors_info=&#8221;{}&#8221;][et_pb_text _builder_version=&#8221;4.24.0&#8243; _module_preset=&#8221;default&#8221; text_font_size=&#8221;15px&#8221; text_line_height=&#8221;1.8em&#8221; header_3_font=&#8221;|700|||||||&#8221; header_3_font_size=&#8221;30px&#8221; header_3_line_height=&#8221;1.4em&#8221; custom_margin_tablet=&#8221;&#8221; custom_margin_phone=&#8221;10px||||false|false&#8221; custom_margin_last_edited=&#8221;on|phone&#8221; header_3_font_size_tablet=&#8221;&#8221; header_3_font_size_phone=&#8221;22px&#8221; header_3_font_size_last_edited=&#8221;on|phone&#8221; global_colors_info=&#8221;{}&#8221;]<\/p>\n<h3>N\u00e4sta steg<\/h3>\n<p>Mellan 2024 och 2026 kommer vi att vidga v\u00e5ra vyer och st\u00e4rka v\u00e5r globala n\u00e4rvaro genom att forts\u00e4tta att utvidka och v\u00e5rda v\u00e5rt partnern\u00e4tverk. Vi kommer skapa strategiska allianser med v\u00e4lrenomerade managementkonsultf\u00f6retag i Europa men \u00e4ven runt om i v\u00e4rlden, f\u00f6r att fler ska kunna nyttja expertis &#8211; &#8221;to outperform the market&#8221;.<\/p>\n<p>I v\u00e5r str\u00e4van att \u00e4nnu fler f\u00f6retag i Europa ska kunna anv\u00e4nda Mentcons modell f\u00f6r ESRS, kommer vi \u00e4ven att samarbeta med ett eller flera av de stora revisionsf\u00f6retagen, som \u00e4ven kommer kunna anv\u00e4nda Mentcon modellen f\u00f6r ESRS till att utbilda revisorer i h\u00e5llbarhetsrapportering och genomf\u00f6ra audits\/&#8221;r\u00e4tta&#8221; f\u00f6retags h\u00e5llbarhetsf\u00f6rklaringar. Dessa partnerskap kommer inte bara att berika v\u00e5r modell utan ocks\u00e5 s\u00e4kerst\u00e4lla att den ligger i framkant och erbjuda v\u00e5ra kunder de mest omfattande och effektiva strategierna f\u00f6r att navigera i h\u00e5llbarhetsrapporteringens komplexa landskap.<\/p>\n<p>Tillsammans utg\u00f6r dessa samarbeten ett betydande steg fram\u00e5t i v\u00e5rt uppdrag att leverera excellens och innovation.<\/p>\n<p>[\/et_pb_text][\/et_pb_column][\/et_pb_row][\/et_pb_section][et_pb_section fb_built=&#8221;1&#8243; _builder_version=&#8221;4.16&#8243; custom_padding=&#8221;||88px|||&#8221; global_colors_info=&#8221;{}&#8221;][et_pb_row column_structure=&#8221;3_5,2_5&#8243; make_equal=&#8221;on&#8221; custom_padding_last_edited=&#8221;on|tablet&#8221; _builder_version=&#8221;4.24.0&#8243; background_color=&#8221;#006E84&#8243; background_image=&#8221;https:\/\/mentcon.com\/wp-content\/uploads\/2024\/02\/Molti-background.jpg&#8221; background_size=&#8221;initial&#8221; background_position=&#8221;bottom_center&#8221; background_blend=&#8221;overlay&#8221; custom_padding=&#8221;0px|40px|0px|40px|true|true&#8221; custom_padding_tablet=&#8221;30px|40px|30px|40px|true|true&#8221; custom_padding_phone=&#8221;&#8221; custom_css_main_element=&#8221;display:flex;||flex-wrap:wrap;&#8221; border_radii=&#8221;on|13px|13px|13px|13px&#8221; box_shadow_style=&#8221;preset2&#8243; box_shadow_color=&#8221;rgba(37,88,171,0.53)&#8221; global_colors_info=&#8221;{}&#8221;][et_pb_column type=&#8221;3_5&#8243; _builder_version=&#8221;4.16&#8243; global_colors_info=&#8221;{}&#8221; custom_css_main_element_last_edited=&#8221;on|tablet&#8221; custom_css_main_element_tablet=&#8221;order:2;&#8221; custom_css_main_element_phone=&#8221;order:2;&#8221;][et_pb_text content_tablet=&#8221;<\/p>\n<h3><span style=%22font-size: 10px;%22>Vill du bli en av oss?<br \/>\n<\/span>Vi rekryterar<\/h3>\n<p>Vi skulle g\u00e4rna vilja ha dig i v\u00e5rt team. Klicka p\u00e5 knappen nedan f\u00f6r att se vad vi s\u00f6ker just nu.&#8221; content_phone=&#8221;<\/p>\n<h3><span style=%22font-size: 10px;%22>Vill du bli en av oss?<br \/>\n<\/span>Vi rekryterar<\/h3>\n<p>Vi skulle g\u00e4rna vilja ha dig i v\u00e5rt team. Klicka p\u00e5 knappen nedan f\u00f6r att se vad vi s\u00f6ker just nu.&#8221; content_last_edited=&#8221;on|tablet&#8221; _builder_version=&#8221;4.16&#8243; text_font=&#8221;|600|||||||&#8221; text_text_color=&#8221;#ffffff&#8221; text_letter_spacing=&#8221;0.2px&#8221; text_line_height=&#8221;1.8em&#8221; header_3_font=&#8221;|700|||||||&#8221; header_3_text_color=&#8221;#ffffff&#8221; header_3_font_size=&#8221;40px&#8221; width=&#8221;75%&#8221; width_tablet=&#8221;78%&#8221; width_phone=&#8221;100%&#8221; width_last_edited=&#8221;on|tablet&#8221; module_alignment=&#8221;left&#8221; text_font_size_tablet=&#8221;&#8221; text_font_size_phone=&#8221;13px&#8221; text_font_size_last_edited=&#8221;on|phone&#8221; header_3_text_align_tablet=&#8221;center&#8221; header_3_text_align_phone=&#8221;&#8221; header_3_text_align_last_edited=&#8221;on|tablet&#8221; header_3_font_size_tablet=&#8221;&#8221; header_3_font_size_phone=&#8221;30px&#8221; header_3_font_size_last_edited=&#8221;on|phone&#8221; text_orientation_tablet=&#8221;center&#8221; text_orientation_phone=&#8221;&#8221; text_orientation_last_edited=&#8221;on|tablet&#8221; module_alignment_tablet=&#8221;center&#8221; module_alignment_phone=&#8221;&#8221; module_alignment_last_edited=&#8221;on|tablet&#8221; global_colors_info=&#8221;{}&#8221;]<\/p>\n<h3><span style=\"font-size: small;\">Vill du bli en av oss?<br \/> <\/span>Vi rekryterar<\/h3>\n<p>Vi skulle g\u00e4rna vilja ha dig i v\u00e5rt team. Klicka p\u00e5 knappen nedan f\u00f6r att se vad vi s\u00f6ker just nu.<\/p>\n<p>[\/et_pb_text][et_pb_button button_url=&#8221;https:\/\/mentcon.com\/sv\/?page_id=101496&#8243; button_text=&#8221;SE LEDIGA TJ\u00c4NSTER&#8221; button_alignment=&#8221;left&#8221; button_alignment_tablet=&#8221;center&#8221; button_alignment_phone=&#8221;&#8221; button_alignment_last_edited=&#8221;on|tablet&#8221; _builder_version=&#8221;4.24.0&#8243; button_text_size=&#8221;12px&#8221; button_text_color=&#8221;#006E84&#8243; button_bg_color_gradient_stops=&#8221;rgba(255, 255, 255, 1) 16%|#ffffff 39%|#ffffff 100%&#8221; button_letter_spacing=&#8221;0.5px&#8221; custom_margin_tablet=&#8221;|0px|||false|false&#8221; custom_margin_phone=&#8221;&#8221; custom_margin_last_edited=&#8221;on|desktop&#8221; custom_padding=&#8221;10px|45px|10px|30px|true|false&#8221; custom_padding_tablet=&#8221;&#8221; custom_padding_phone=&#8221;10px|35px|10px|20px|true|false&#8221; custom_padding_last_edited=&#8221;on|phone&#8221; button_text_size_tablet=&#8221;&#8221; button_text_size_phone=&#8221;11px&#8221; button_text_size_last_edited=&#8221;on|phone&#8221; locked=&#8221;off&#8221; global_colors_info=&#8221;{}&#8221; button_bg_color_gradient_start_position__hover=&#8221;0%&#8221; button_bg_color_gradient_stops__hover=&#8221;#2b87da 0%|#29c4a9 100%&#8221;][\/et_pb_button][\/et_pb_column][et_pb_column type=&#8221;2_5&#8243; _builder_version=&#8221;4.16&#8243; global_colors_info=&#8221;{}&#8221; custom_css_main_element_tablet=&#8221;order:1;&#8221; custom_css_main_element_last_edited=&#8221;on|tablet&#8221; custom_css_main_element_phone=&#8221;order:1;&#8221;][et_pb_image src=&#8221;http:\/\/mentcon.com\/wp-content\/uploads\/2024\/02\/3-5c3a394e-8930-4249-b503-c47c0812c500-512&#215;512.jpg&#8221; title_text=&#8221;Anst\u00e4llning&#8221; _builder_version=&#8221;4.24.0&#8243; min_height=&#8221;100px&#8221; custom_margin=&#8221;8px||8px||false|false&#8221; border_radii=&#8221;on|10px|10px|10px|10px&#8221; global_colors_info=&#8221;{}&#8221;][\/et_pb_image][\/et_pb_column][\/et_pb_row][\/et_pb_section]<\/p>\n","protected":false},"excerpt":{"rendered":"<p>Vilka \u00e4r Mentcon? Vill du veta lite mer om Mentcon? P\u00e5 Mentcon \u00e4r vi pionj\u00e4rer inom transformationskonsten och tillhandah\u00e5ller f\u00f6r storf\u00f6retag den innovativa Mentcon-modellen \u2013 en metodik skapad f\u00f6r framg\u00e5ng. V\u00e5r l\u00e4ttanv\u00e4nda och effektiva modell \u00e4r avsedd att m\u00f6jligg\u00f6ra f\u00f6r f\u00f6retag att inte bara uppfylla utan ocks\u00e5 \u00f6vertr\u00e4ffa marknadens f\u00f6rv\u00e4ntningar. V\u00e5r historiaL\u00e5t oss ber\u00e4tta kort [&hellip;]<\/p>\n","protected":false},"author":1,"featured_media":0,"parent":0,"menu_order":0,"comment_status":"closed","ping_status":"closed","template":"","meta":{"_et_pb_use_builder":"on","_et_pb_old_content":"","_et_gb_content_width":"","_monsterinsights_skip_tracking":false,"_monsterinsights_sitenote_active":false,"_monsterinsights_sitenote_note":"","_monsterinsights_sitenote_category":0,"footnotes":""},"_links":{"self":[{"href":"https:\/\/mentcon.com\/sv\/wp-json\/wp\/v2\/pages\/101591"}],"collection":[{"href":"https:\/\/mentcon.com\/sv\/wp-json\/wp\/v2\/pages"}],"about":[{"href":"https:\/\/mentcon.com\/sv\/wp-json\/wp\/v2\/types\/page"}],"author":[{"embeddable":true,"href":"https:\/\/mentcon.com\/sv\/wp-json\/wp\/v2\/users\/1"}],"replies":[{"embeddable":true,"href":"https:\/\/mentcon.com\/sv\/wp-json\/wp\/v2\/comments?post=101591"}],"version-history":[{"count":29,"href":"https:\/\/mentcon.com\/sv\/wp-json\/wp\/v2\/pages\/101591\/revisions"}],"predecessor-version":[{"id":102019,"href":"https:\/\/mentcon.com\/sv\/wp-json\/wp\/v2\/pages\/101591\/revisions\/102019"}],"wp:attachment":[{"href":"https:\/\/mentcon.com\/sv\/wp-json\/wp\/v2\/media?parent=101591"}],"curies":[{"name":"wp","href":"https:\/\/api.w.org\/{rel}","templated":true}]}}