{"id":101453,"date":"2023-05-30T17:50:07","date_gmt":"2023-05-30T15:50:07","guid":{"rendered":"https:\/\/mentcon.com\/integritetspolicy\/"},"modified":"2024-08-24T15:17:00","modified_gmt":"2024-08-24T13:17:00","slug":"integritetspolicy","status":"publish","type":"page","link":"https:\/\/mentcon.com\/sv\/integritetspolicy\/","title":{"rendered":"Integritetspolicy"},"content":{"rendered":"<p>[et_pb_section fb_built=&#8221;1&#8243; _builder_version=&#8221;4.24.0&#8243; _module_preset=&#8221;default&#8221; background_color=&#8221;#006E84&#8243; locked=&#8221;off&#8221; global_colors_info=&#8221;{}&#8221;][et_pb_row _builder_version=&#8221;4.20.0&#8243; _module_preset=&#8221;default&#8221; scroll_vertical_motion_enable=&#8221;on&#8221; scroll_vertical_motion=&#8221;0|80|80|100|0|0|0.5&#8243; scroll_fade_enable=&#8221;on&#8221; scroll_fade=&#8221;0|80|80|100|100%|100%|0%&#8221; scroll_blur_enable=&#8221;on&#8221; scroll_blur=&#8221;0|80|80|100|0px|0px|5px&#8221; global_colors_info=&#8221;{}&#8221;][et_pb_column type=&#8221;4_4&#8243; _builder_version=&#8221;4.16&#8243; _module_preset=&#8221;default&#8221; global_colors_info=&#8221;{}&#8221;][et_pb_icon font_icon=&#8221;&#xf15c;||fa||400&#8243; icon_color=&#8221;#FFFFFF&#8221; icon_width=&#8221;43px&#8221; _builder_version=&#8221;4.21.0&#8243; _module_preset=&#8221;default&#8221; global_colors_info=&#8221;{}&#8221;][\/et_pb_icon][et_pb_text _builder_version=&#8221;4.21.0&#8243; _module_preset=&#8221;default&#8221; text_text_color=&#8221;#ffffff&#8221; text_font_size=&#8221;16px&#8221; text_line_height=&#8221;1.9em&#8221; header_3_font=&#8221;|700|||||||&#8221; header_3_text_color=&#8221;#ffffff&#8221; header_3_font_size=&#8221;40px&#8221; header_3_line_height=&#8221;1.2em&#8221; text_orientation=&#8221;center&#8221; width=&#8221;56%&#8221; width_tablet=&#8221;100%&#8221; width_phone=&#8221;100%&#8221; width_last_edited=&#8221;on|tablet&#8221; module_alignment=&#8221;center&#8221; scroll_vertical_motion=&#8221;0|80|80|100|0|0|0.5&#8243; scroll_fade=&#8221;0|80|80|100|100%|100%|0%&#8221; scroll_blur=&#8221;0|80|80|100|0px|0px|5px&#8221; text_font_size_tablet=&#8221;16px&#8221; text_font_size_phone=&#8221;13px&#8221; text_font_size_last_edited=&#8221;on|phone&#8221; text_line_height_tablet=&#8221;1.9em&#8221; text_line_height_phone=&#8221;1.6em&#8221; text_line_height_last_edited=&#8221;on|phone&#8221; header_3_font_size_tablet=&#8221;36px&#8221; header_3_font_size_phone=&#8221;28px&#8221; header_3_font_size_last_edited=&#8221;on|phone&#8221; global_colors_info=&#8221;{}&#8221;]<\/p>\n<h3>V\u00e5r integritetspolicy<\/h3>\n<p>Ta del av omfattande information om v\u00e5r integritetspolicy genom att l\u00e4sa informationen nedan.<\/p>\n<p>[\/et_pb_text][\/et_pb_column][\/et_pb_row][\/et_pb_section][et_pb_section fb_built=&#8221;1&#8243; custom_padding_last_edited=&#8221;on|phone&#8221; _builder_version=&#8221;4.21.0&#8243; _module_preset=&#8221;default&#8221; custom_padding=&#8221;100px||100px||true|false&#8221; custom_padding_tablet=&#8221;100px||100px||true|false&#8221; custom_padding_phone=&#8221;10px||10px||true|false&#8221; global_colors_info=&#8221;{}&#8221;][et_pb_row column_structure=&#8221;2_3,1_3&#8243; _builder_version=&#8221;4.21.0&#8243; _module_preset=&#8221;default&#8221; background_color=&#8221;#FFFFFF&#8221; width_tablet=&#8221;&#8221; width_phone=&#8221;85%&#8221; width_last_edited=&#8221;on|phone&#8221; global_colors_info=&#8221;{}&#8221;][et_pb_column type=&#8221;2_3&#8243; _builder_version=&#8221;4.21.0&#8243; _module_preset=&#8221;default&#8221; custom_padding=&#8221;40px|45px|40px|45px|true|true&#8221; custom_padding_tablet=&#8221;40px|45px|40px|45px|true|true&#8221; custom_padding_phone=&#8221;40px|20px|40px|20px|true|true&#8221; custom_padding_last_edited=&#8221;on|phone&#8221; border_radii=&#8221;on|10px|10px|10px|10px&#8221; box_shadow_style=&#8221;preset1&#8243; box_shadow_vertical=&#8221;11px&#8221; box_shadow_blur=&#8221;43px&#8221; box_shadow_spread=&#8221;9px&#8221; box_shadow_color=&#8221;rgba(0,0,0,0.07)&#8221; global_colors_info=&#8221;{}&#8221;][et_pb_text _builder_version=&#8221;4.24.0&#8243; _module_preset=&#8221;default&#8221; text_line_height=&#8221;2.1em&#8221; header_3_font=&#8221;|700|||||||&#8221; header_3_line_height=&#8221;1.6em&#8221; global_colors_info=&#8221;{}&#8221;]<\/p>\n<p><strong>Integritetspolicy f\u00f6r Mentcon AB:s hemsida<\/strong><\/p>\n<p><strong>Senast uppdaterad: 2024-02-21<\/strong><\/p>\n<p>V\u00e4lkommen till Mentcon AB. Vi \u00e4r fast beslutna att skydda integriteten och s\u00e4kerheten f\u00f6r v\u00e5ra bes\u00f6kare och kunder p\u00e5 webbplatsen. I denna integritetspolicy beskrivs hur vi samlar in, anv\u00e4nder, delar och skyddar dina personuppgifter n\u00e4r du bes\u00f6ker v\u00e5r webbplats eller anv\u00e4nder v\u00e5ra tj\u00e4nster.<\/p>\n<p><strong>1. Insamling av information<\/strong><\/p>\n<p>Vi samlar in information som du frivilligt l\u00e4mnar till oss, inklusive men inte begr\u00e4nsat till, ditt namn, e-postadress, f\u00f6retagsnamn och telefonnummer n\u00e4r du:<\/p>\n<ul>\n<li>Fyll i ett kontaktformul\u00e4r<\/li>\n<li>Prenumerera p\u00e5 v\u00e5rt nyhetsbrev<\/li>\n<li>Beg\u00e4r information om v\u00e5ra tj\u00e4nster<\/li>\n<\/ul>\n<p>Vi samlar ocks\u00e5 automatiskt in viss teknisk information fr\u00e5n din enhet, inklusive IP-adress, typ av webbl\u00e4sare och \u00e5tkomsttider, f\u00f6r att f\u00f6rb\u00e4ttra v\u00e5r webbplats och din upplevelse.<\/p>\n<p><strong>2. Anv\u00e4ndning av information<\/strong><\/p>\n<p>Mentcon anv\u00e4nder din information f\u00f6r att:<\/p>\n<ul>\n<li>Tillhandah\u00e5lla och f\u00f6rb\u00e4ttra v\u00e5ra tj\u00e4nster<\/li>\n<li>Svara p\u00e5 dina fr\u00e5gor eller f\u00f6rfr\u00e5gningar<\/li>\n<li>Skicka nyhetsbrev och uppdateringar till dig, om du har valt det<\/li>\n<li>Analysera webbplatsens anv\u00e4ndning och trender<\/li>\n<\/ul>\n<p><strong>3. Informationsutbyte<\/strong><\/p>\n<p>Vi s\u00e4ljer, hyr ut eller leasar inte dina personuppgifter till tredje part. Vi kan dela din information med betrodda partners som hj\u00e4lper oss att driva v\u00e5r webbplats, bedriva v\u00e5r verksamhet eller betj\u00e4na v\u00e5ra anv\u00e4ndare, s\u00e5 l\u00e4nge som dessa parter samtycker till att h\u00e5lla denna information konfidentiell.<\/p>\n<p><strong>4. Datas\u00e4kerhet<\/strong><\/p>\n<p>Vi genomf\u00f6r en rad olika s\u00e4kerhets\u00e5tg\u00e4rder f\u00f6r att uppr\u00e4tth\u00e5lla s\u00e4kerheten f\u00f6r dina personuppgifter. Ingen metod f\u00f6r \u00f6verf\u00f6ring via Internet eller metod f\u00f6r elektronisk lagring \u00e4r dock 100% s\u00e4ker.<\/p>\n<p><strong>5. Dina r\u00e4ttigheter<\/strong><\/p>\n<p>Du har r\u00e4tt till:<\/p>\n<ul>\n<li>F\u00e5 tillg\u00e5ng till den personliga information vi har om dig<\/li>\n<li>beg\u00e4ra r\u00e4ttelse av felaktig information<\/li>\n<li>Beg\u00e4ra radering av dina personuppgifter (under vissa f\u00f6ruts\u00e4ttningar)<\/li>\n<li>Avregistrera dig fr\u00e5n marknadsf\u00f6ringskommunikation n\u00e4r som helst<\/li>\n<\/ul>\n<p><strong>6. L\u00e4nkar till tredje part<\/strong><\/p>\n<p>V\u00e5r webbplats kan inneh\u00e5lla l\u00e4nkar till tredje parts webbplatser. Vi ansvarar inte f\u00f6r sekretesspraxis p\u00e5 dessa externa webbplatser. Vi uppmanar dig att l\u00e4sa deras integritetspolicy.<\/p>\n<p><strong>7. \u00c4ndringar av denna integritetspolicy<\/strong><\/p>\n<p>Mentcon AB f\u00f6rbeh\u00e5ller sig r\u00e4tten att n\u00e4r som helst uppdatera denna integritetspolicy. Vi kommer att meddela dig om eventuella \u00e4ndringar genom att publicera den nya integritetspolicyn p\u00e5 denna sida. Din fortsatta anv\u00e4ndning av v\u00e5r webbplats och v\u00e5ra tj\u00e4nster efter s\u00e5dana \u00e4ndringar kommer att utg\u00f6ra ditt erk\u00e4nnande och samtycke till den \u00e4ndrade policyn.<\/p>\n<p><strong>8. Kontakta oss<\/strong><\/p>\n<p>Om du har n\u00e5gra fr\u00e5gor om denna integritetspolicy \u00e4r du v\u00e4lkommen att kontakta oss.<\/p>\n<p>Genom att anv\u00e4nda v\u00e5r webbplats samtycker du till v\u00e5r integritetspolicy och godk\u00e4nner villkoren i den.<\/p>\n<p>[\/et_pb_text][\/et_pb_column][et_pb_column type=&#8221;1_3&#8243; _builder_version=&#8221;4.21.0&#8243; _module_preset=&#8221;default&#8221; custom_padding=&#8221;25px|20px|25px|20px|true|true&#8221; sticky_position=&#8221;top&#8221; sticky_offset_top=&#8221;60px&#8221; sticky_limit_bottom=&#8221;row&#8221; sticky_position_tablet=&#8221;none&#8221; sticky_position_phone=&#8221;none&#8221; sticky_position_last_edited=&#8221;on|desktop&#8221; border_radii=&#8221;on|6px|6px|6px|6px&#8221; border_width_all=&#8221;1.5px&#8221; border_color_all=&#8221;#eeeeee&#8221; global_colors_info=&#8221;{}&#8221;][et_pb_text _builder_version=&#8221;4.21.0&#8243; _module_preset=&#8221;default&#8221; text_font_size=&#8221;13px&#8221; text_line_height=&#8221;1.9em&#8221; header_3_font=&#8221;|700|||||||&#8221; header_3_font_size=&#8221;23px&#8221; header_3_line_height=&#8221;1.3em&#8221; custom_margin=&#8221;||15px||false|false&#8221; global_colors_info=&#8221;{}&#8221;]<\/p>\n<h3>Har du n\u00e5gra <span style=\"color: #ff8057;\"><span style=\"color: #006e84;\">fr\u00e5gor?<\/span> <\/span> <\/h3>\n<p>&nbsp;<\/p>\n<p>[\/et_pb_text][et_pb_button button_url=&#8221;https:\/\/mentcon.com\/contact-us\/&#8221; button_text=&#8221;Kontakta oss&#8221; _builder_version=&#8221;4.24.0&#8243; _module_preset=&#8221;default&#8221; button_text_size=&#8221;12px&#8221; button_bg_color_gradient_stops=&#8221;#006e84 38%|#006e84 100%&#8221; custom_margin=&#8221;||||false|false&#8221; custom_padding=&#8221;9px|35px|9px|20px|true|false&#8221; global_colors_info=&#8221;{}&#8221;][\/et_pb_button][\/et_pb_column][\/et_pb_row][\/et_pb_section]<\/p>\n","protected":false},"excerpt":{"rendered":"<p>V\u00e5r integritetspolicy Ta del av omfattande information om v\u00e5r integritetspolicy genom att l\u00e4sa informationen nedan.Integritetspolicy f\u00f6r Mentcon AB:s hemsida Senast uppdaterad: 2024-02-21 V\u00e4lkommen till Mentcon AB. Vi \u00e4r fast beslutna att skydda integriteten och s\u00e4kerheten f\u00f6r v\u00e5ra bes\u00f6kare och kunder p\u00e5 webbplatsen. I denna integritetspolicy beskrivs hur vi samlar in, anv\u00e4nder, delar och skyddar dina [&hellip;]<\/p>\n","protected":false},"author":1,"featured_media":0,"parent":0,"menu_order":0,"comment_status":"closed","ping_status":"closed","template":"","meta":{"_et_pb_use_builder":"on","_et_pb_old_content":"","_et_gb_content_width":"","_monsterinsights_skip_tracking":false,"_monsterinsights_sitenote_active":false,"_monsterinsights_sitenote_note":"","_monsterinsights_sitenote_category":0,"footnotes":""},"_links":{"self":[{"href":"https:\/\/mentcon.com\/sv\/wp-json\/wp\/v2\/pages\/101453"}],"collection":[{"href":"https:\/\/mentcon.com\/sv\/wp-json\/wp\/v2\/pages"}],"about":[{"href":"https:\/\/mentcon.com\/sv\/wp-json\/wp\/v2\/types\/page"}],"author":[{"embeddable":true,"href":"https:\/\/mentcon.com\/sv\/wp-json\/wp\/v2\/users\/1"}],"replies":[{"embeddable":true,"href":"https:\/\/mentcon.com\/sv\/wp-json\/wp\/v2\/comments?post=101453"}],"version-history":[{"count":4,"href":"https:\/\/mentcon.com\/sv\/wp-json\/wp\/v2\/pages\/101453\/revisions"}],"predecessor-version":[{"id":101961,"href":"https:\/\/mentcon.com\/sv\/wp-json\/wp\/v2\/pages\/101453\/revisions\/101961"}],"wp:attachment":[{"href":"https:\/\/mentcon.com\/sv\/wp-json\/wp\/v2\/media?parent=101453"}],"curies":[{"name":"wp","href":"https:\/\/api.w.org\/{rel}","templated":true}]}}